{"id":261,"date":"2024-07-26T15:19:51","date_gmt":"2024-07-26T15:19:51","guid":{"rendered":"https:\/\/fulcral.pt\/?page_id=261"},"modified":"2024-08-05T11:32:49","modified_gmt":"2024-08-05T11:32:49","slug":"auditoria","status":"publish","type":"page","link":"https:\/\/fulcral.pt\/","title":{"rendered":"Auditoria"},"content":{"rendered":"<div>\n<p><strong>AUDITORIA GRATUITA \u00c1 TUA LOJA ONLINE<\/strong><\/p>\n<\/div>\n<h1>\n<p>DESCOBRE O QUE EST\u00c1 A BLOQUEAR O CRESCIMENTO DA TUA LOJA ONLINE E AUMENTA AS TUAS VENDAS AT\u00c9 30% EM MENOS DE 6 MESES<\/p>\n<\/h1>\n<p>\n    <a href=\"\/index.php\/formulario\/\">QUERO AGENDAR A AUDITORIA GRATUITA<\/a>\n<\/p>\n<div>\n<p>Restam apenas 2 vagas para esta semana<\/p>\n<\/div>\n<h1>COMO FUNCIONA<\/h1>\n<div>\n<p>A auditoria consiste numa reuni\u00e3o online com a dura\u00e7\u00e3o at\u00e9 90 minutos, onde vamos analisar a tua loja online tendo em conta os seguintes temas:<\/p>\n<\/div>\n<ul>\n<li>\n<h3>Identificar as m\u00e9tricas-chaves<\/h3>\n<div>\n<p>Sabes quais s\u00e3o as m\u00e9tricas chave para o crescimento das vendas da tua loja online?\u00a0<\/p>\n<\/div>\n<\/li>\n<li>\n<h3>Analise SWOT<\/h3>\n<div>\n<p>Tens clareza de quais s\u00e3o as for\u00e7as e fraquezas da tua loja online?\u00a0<\/p>\n<\/div>\n<\/li>\n<li>\n<h3>Taxa de convers\u00e3o<\/h3>\n<div>\n<p>Ser\u00e1 que a tua taxa de convers\u00e3o \u00e9 boa?<\/p>\n<\/div>\n<\/li>\n<li>\n<h3>Estrutura e Design<\/h3>\n<div>\n<p>A tua loja online tem a estrutura correta? E o design \u00e9 eficaz?\u00a0<\/p>\n<\/div>\n<\/li>\n<li>\n<h3>Conte\u00fados<\/h3>\n<div>\n<p>As p\u00e1ginas de produtos t\u00eam os conte\u00fados corretos? Ser\u00e1 que falta informa\u00e7\u00e3o?\u00a0<\/p>\n<\/div>\n<\/li>\n<li>\n<h3>Tecnologia e Seguran\u00e7a<\/h3>\n<div>\n<p>A tecnologia que utilizas na tua loja online \u00e9 a ideal? \u00c9 segura?\u00a0<\/p>\n<\/div>\n<\/li>\n<\/ul>\n<h2>Ap\u00f3s a auditoria ter\u00e1s:<\/h2>\n<ul>\n<li>\n<h3>Clareza do que est\u00e1 a acontecer \u00e1 tua loja online<\/h3>\n<\/li>\n<li>\n<h3>O que falta fazer para que a tua loja online cres\u00e7a<\/h3>\n<\/li>\n<li>\n<h3>Compreender as principais vantagens e desvantagens da tua loja online<\/h3>\n<\/li>\n<\/ul>\n<p>\n    <a href=\"\/index.php\/formulario\/\">QUERO AGENDAR A AUDITORIA GRATUITA<\/a>\n<\/p>\n<div>\n<p>Restam apenas 2 vagas para esta semana<\/p>\n<\/div>\n<h1>Ser\u00e1 que \u00e9 para ti?<\/h1>\n<div>\n<p><span>Esta auditoria \u00e9 para ti se:<\/span><\/p>\n<\/div>\n<ul>\n<li>\n<div>\n<p>Tens uma loja online<\/p>\n<\/div>\n<\/li>\n<li>\n<div>\n<p>As tuas vendas est\u00e3o estagnadas\u00a0<\/p>\n<\/div>\n<\/li>\n<li>\n<div>\n<p>Tens muitas visitas e poucas vendas<\/p>\n<\/div>\n<\/li>\n<li>\n<div>\n<p>Tens altas taxas de abandono de carrinho<\/p>\n<\/div>\n<\/li>\n<li>\n<div>\n<p>N\u00e3o tens previsibilidade do crescimento do teu neg\u00f3cio<\/p>\n<\/div>\n<\/li>\n<\/ul>\n<div>\n<p>N\u00e3o \u00e9 para ti se:<\/p>\n<\/div>\n<ul>\n<li>\n<div>\n<p>N\u00e3o tens loja online<\/p>\n<\/div>\n<\/li>\n<li>\n<div>\n<p>N\u00e3o queres melhorar a tua loja online<\/p>\n<\/div>\n<\/li>\n<li>\n<div>\n<p>N\u00e3o investes em marketing digital<\/p>\n<\/div>\n<\/li>\n<li>\n<div>\n<p>N\u00e3o tens inten\u00e7\u00e3o de crescer o teu neg\u00f3cio<\/p>\n<\/div>\n<\/li>\n<\/ul>\n<h1>Qual \u00e9 o valor da auditoria?<\/h1>\n<div>\n<p>A auditoria \u00e9 <strong>gratuita<\/strong>, no entanto no final da mesma iremos apresentar os nossos servi\u00e7os para te podermos ajudar a resolver os desafios identificados na tua loja online, onde apenas adquires se fizer sentido para ti.<\/p>\n<\/div>\n<p>\n    <a href=\"\/index.php\/formulario\/\">QUERO AGENDAR A AUDITORIA GRATUITA<\/a>\n<\/p>\n<div>\n<p>Restam apenas 2 vagas para esta semana<\/p>\n<\/div>\n<h1>QUEM TE VAI ACOMPANHAR<\/h1>\n<p><img decoding=\"async\" src=\"\/wp-content\/uploads\/2024\/07\/DSC4304-Aprimorado-NR.jpg\" alt=\"\"><\/p>\n<div>\n<p>Lu\u00eds Leite \u00e9 o Fundador da Ag\u00eancia Fulcral e da SUB-Gifts, loja online de artigos personalizados l\u00edder no mercado universit\u00e1rio.<br \/><span><\/span><\/p>\n<p>Come\u00e7ou sozinho em 2015 a construir a SUB-Gifts com apenas 10\u20ac e atualmente j\u00e1 tem uma equipa aut\u00f3noma e com a previsibilidade de duplicar a fatura\u00e7\u00e3o todos os anos.\u00a0<\/p>\n<p>Gere o pouco tempo que tem para ajudar propriet\u00e1rios de loja online a atingir os seus objetivos.<\/p>\n<p>Com forma\u00e7\u00e3o em Marketing, Vendas e Gest\u00e3o para PME, o seu percurso tem-no levado a abra\u00e7ar diversos projetos.<\/p>\n<\/div>\n<h1>PERGUNTAS FREQUENTES<\/h1>\n<ul>\n<li>\n<h3>Em que consiste a auditoria?<\/h3>\n<div>\n<p><span>A auditoria \u00e9 uma an\u00e1lise inicial ao estado da tua loja online. Realiza-se <\/span><strong>online<\/strong><span> <\/span>e<span> \u00e9 <\/span><strong>individual<\/strong><span>, conduzido pelo Lu\u00eds. Durante aproximadamente <\/span><strong>90 minutos<\/strong><span>, identificamos os pontos fortes e os desafios da tua loja online, fornecendo <\/span>insights\u00a0<span>personalizados para impulsionar o crescimento do teu neg\u00f3cio.<\/span><\/p>\n<\/div>\n<\/li>\n<li>\n<h3>Quanto custa a auditoria?<\/h3>\n<div>\n<p><span>\u00c9 totalmente gratuita. Precisamos, contudo, do teu compromisso. Prepare-te para esta reuni\u00e3o. Reserva o lugar mais tranquilo para, durante 90 minutos, nos focarmos unicamente na tua loja online.<\/span><\/p>\n<\/div>\n<\/li>\n<li>\n<h3>Estou a come\u00e7ar do zero, \u00e9 para mim?<\/h3>\n<div>\n<p>A auditoria \u00e9 apenas para quem tem lojas online. Se est\u00e1s a come\u00e7ar do zero, mas j\u00e1 tens uma loja online, ent\u00e3o esta auditoria \u00e9 para ti.<\/p>\n<\/div>\n<\/li>\n<li>\n<h3>Tenho mais que uma loja online, posso fazer a auditoria a todas de uma vez? <\/h3>\n<div>\n<p>N\u00e3o. Se tens v\u00e1rias lojas online e pretendes fazer uma auditoria a cada uma delas, ter\u00e1s de agendar uma reuni\u00e3o para cada loja online.<\/p>\n<\/div>\n<\/li>\n<li>\n<h3>Vou ter que partilhar os n\u00fameros da minha loja online? <\/h3>\n<div>\n<p><span>Sim. Para podermos analisar e identificar os desafios da tua loja online, ir\u00e1s ter de partilhar os n\u00fameros da tua loja online assim como informa\u00e7\u00f5es\u00a0importantes para conseguimos uma auditoria completa e real da tua loja online.\u00a0<\/p>\n<p>Se n\u00e3o te sentires confort\u00e1vel em partilhar estas informa\u00e7\u00f5es, podemos elaborar um\u00a0<\/span>NDA &#8211; Acordo de Confidencialidade.<\/p>\n<p><span>\u00a0<\/span><\/p>\n<\/div>\n<\/li>\n<li>\n<h3>Se n\u00e3o poder comparecer, posso reagendar? <\/h3>\n<div>\n<p>Sim, podes\u00a0<span>reagendar <strong>apenas<\/strong> <strong>1 vez<\/strong>\u00a0mediante a nossa\u00a0disponibilidade. Por favor tem em aten\u00e7\u00e3o que estamos a disponibilizar 90 minutos gratuitos do tempo do Lu\u00eds. Ao n\u00e3o compareceres, est\u00e1s a retirar a oportunidade de outros\u00a0propriet\u00e1rios de lojas online em receber a sua auditoria.<\/span><\/p>\n<\/div>\n<\/li>\n<li>\n<h3>Ainda tens quest\u00f5es? <\/h3>\n<div>\n<p>Envia email para geral@fulcral.pt que temos todo o prazer em responder-te.<\/p>\n<\/div>\n<\/li>\n<\/ul>\n<p>\n    <a href=\"\/index.php\/formulario\/\">QUERO AGENDAR A AUDITORIA GRATUITA<\/a>\n<\/p>\n<div>\n<p>Restam apenas 2 vagas para esta semana<\/p>\n<\/div>\n<p><!--more--><br \/>\n<!-- {\"type\":\"layout\",\"children\":[{\"type\":\"section\",\"props\":{\"header_transparent\":false,\"image_position\":\"center-center\",\"style\":\"secondary\",\"title_breakpoint\":\"xl\",\"title_position\":\"top-left\",\"title_rotation\":\"left\",\"vertical_align\":\"middle\",\"width\":\"default\"},\"children\":[{\"type\":\"row\",\"children\":[{\"type\":\"column\",\"props\":{\"image_position\":\"center-center\",\"position_sticky_breakpoint\":\"m\"},\"children\":[{\"type\":\"text\",\"props\":{\"column_breakpoint\":\"m\",\"content\":\"\n\n<p><strong>AUDITORIA GRATUITA \\u00c1 TUA LOJA ONLINE<\\\/strong><\\\/p>\",\"dropcap\":false,\"margin\":\"\",\"text_align\":\"center\",\"text_color\":\"success\",\"text_style\":\"large\"}},{\"type\":\"headline\",\"props\":{\"content\":\"\n\n<p>DESCOBRE O QUE EST\\u00c1 A BLOQUEAR O CRESCIMENTO DA TUA LOJA ONLINE E AUMENTA AS TUAS VENDAS AT\\u00c9 30% EM MENOS DE 6 MESES<\\\/p>\",\"margin\":\"large\",\"text_align\":\"center\",\"title_element\":\"h1\",\"title_style\":\"heading-medium\"}},{\"type\":\"button\",\"props\":{\"button_size\":\"large\",\"css\":\".uk-button-primary {\\n    background-color: #82BF67;\\n    color: #fff;\\n    border-color: transparent;\\n    box-shadow: 0 5px 15px rgba(0, 0, 0, 0.15);\\n}\\n\\n\\n.uk-button-primary:hover {\\n    background-color: #fff;\\n    color: #232323;\\n    border-color: transparent;\\n    box-shadow: 0 5px 15px rgba(0, 0, 0, 0.15);\\n}\",\"fullwidth\":false,\"grid_column_gap\":\"small\",\"grid_row_gap\":\"small\",\"margin\":\"default\",\"text_align\":\"center\"},\"children\":[{\"type\":\"button_item\",\"props\":{\"button_style\":\"primary\",\"content\":\"QUERO AGENDAR A AUDITORIA GRATUITA\",\"icon_align\":\"left\",\"link\":\"index.php\\\/formulario\\\/\"}}]},{\"type\":\"text\",\"props\":{\"column_breakpoint\":\"m\",\"content\":\"\n\n<p>Restam apenas 2 vagas para esta semana<\\\/p>\",\"margin\":\"default\",\"text_align\":\"center\"}}]}]}]},{\"type\":\"section\",\"props\":{\"image_position\":\"center-center\",\"style\":\"default\",\"title_breakpoint\":\"xl\",\"title_position\":\"top-left\",\"title_rotation\":\"left\",\"vertical_align\":\"middle\",\"width\":\"default\"},\"children\":[{\"type\":\"row\",\"children\":[{\"type\":\"column\",\"props\":{\"image_position\":\"center-center\",\"position_sticky_breakpoint\":\"m\"},\"children\":[{\"type\":\"headline\",\"props\":{\"content\":\"COMO FUNCIONA\",\"title_decoration\":\"bullet\",\"title_element\":\"h1\"}},{\"type\":\"text\",\"props\":{\"column_breakpoint\":\"m\",\"content\":\"\n\n<p>A auditoria consiste numa reuni\\u00e3o online com a dura\\u00e7\\u00e3o at\\u00e9 90 minutos, onde vamos analisar a tua loja online tendo em conta os seguintes temas:<\\\/p>\",\"margin\":\"default\",\"text_color\":\"secondary\",\"text_style\":\"large\"}},{\"type\":\"grid\",\"props\":{\"content_column_breakpoint\":\"m\",\"content_style\":\"text-large\",\"filter_align\":\"left\",\"filter_all\":true,\"filter_grid_breakpoint\":\"m\",\"filter_grid_width\":\"auto\",\"filter_position\":\"top\",\"filter_style\":\"tab\",\"grid_default\":\"1\",\"grid_divider\":false,\"grid_medium\":\"3\",\"icon_width\":80,\"image_align\":\"top\",\"image_grid_breakpoint\":\"m\",\"image_grid_width\":\"1-2\",\"image_svg_color\":\"emphasis\",\"item_animation\":true,\"link_style\":\"default\",\"link_text\":\"Read more\",\"margin\":\"default\",\"meta_align\":\"below-title\",\"meta_element\":\"div\",\"meta_style\":\"text-meta\",\"show_content\":true,\"show_image\":true,\"show_link\":true,\"show_meta\":true,\"show_title\":true,\"text_align\":\"center\",\"title_align\":\"top\",\"title_element\":\"h3\",\"title_grid_breakpoint\":\"m\",\"title_grid_width\":\"1-2\",\"title_hover_style\":\"reset\"},\"children\":[{\"type\":\"grid_item\",\"props\":{\"content\":\"\n\n<p>Sabes quais s\\u00e3o as m\\u00e9tricas chave para o crescimento das vendas da tua loja online?\\u00a0<\\\/p>\",\"icon\":\"star\",\"title\":\"Identificar as m\\u00e9tricas-chaves\"}},{\"type\":\"grid_item\",\"props\":{\"content\":\"\n\n<p>Tens clareza de quais s\\u00e3o as for\\u00e7as e fraquezas da tua loja online?\\u00a0<\\\/p>\",\"icon\":\"eye-slash\",\"title\":\"Analise SWOT\"}},{\"type\":\"grid_item\",\"props\":{\"content\":\"\n\n<p>Ser\\u00e1 que a tua taxa de convers\\u00e3o \\u00e9 boa?<\\\/p>\",\"icon\":\"cart\",\"title\":\"Taxa de convers\\u00e3o\"}},{\"type\":\"grid_item\",\"props\":{\"content\":\"\n\n<p>A tua loja online tem a estrutura correta? E o design \\u00e9 eficaz?\\u00a0<\\\/p>\",\"icon\":\"paint-bucket\",\"title\":\"Estrutura e Design\"}},{\"type\":\"grid_item\",\"props\":{\"content\":\"\n\n<p>As p\\u00e1ginas de produtos t\\u00eam os conte\\u00fados corretos? Ser\\u00e1 que falta informa\\u00e7\\u00e3o?\\u00a0<\\\/p>\",\"icon\":\"file-edit\",\"title\":\"Conte\\u00fados\"}},{\"type\":\"grid_item\",\"props\":{\"content\":\"\n\n<p>A tecnologia que utilizas na tua loja online \\u00e9 a ideal? \\u00c9 segura?\\u00a0<\\\/p>\",\"icon\":\"server\",\"title\":\"Tecnologia e Seguran\\u00e7a\"}}]}]}]}]},{\"type\":\"section\",\"props\":{\"image_position\":\"center-center\",\"style\":\"default\",\"title_breakpoint\":\"xl\",\"title_position\":\"top-left\",\"title_rotation\":\"left\",\"vertical_align\":\"middle\",\"width\":\"default\"},\"children\":[{\"type\":\"row\",\"children\":[{\"type\":\"column\",\"props\":{\"image_position\":\"center-center\",\"position_sticky_breakpoint\":\"m\"},\"children\":[{\"type\":\"headline\",\"props\":{\"content\":\"Ap\\u00f3s a auditoria ter\\u00e1s:\",\"title_decoration\":\"bullet\",\"title_element\":\"h2\"}},{\"type\":\"grid\",\"props\":{\"content_column_breakpoint\":\"m\",\"filter_align\":\"left\",\"filter_all\":true,\"filter_grid_breakpoint\":\"m\",\"filter_grid_width\":\"auto\",\"filter_position\":\"top\",\"filter_style\":\"tab\",\"grid_default\":\"1\",\"grid_medium\":\"3\",\"icon_color\":\"primary\",\"icon_width\":80,\"image_align\":\"top\",\"image_grid_breakpoint\":\"m\",\"image_grid_width\":\"1-2\",\"image_svg_color\":\"emphasis\",\"item_animation\":true,\"link_style\":\"default\",\"link_text\":\"Read more\",\"margin\":\"default\",\"meta_align\":\"below-title\",\"meta_element\":\"div\",\"meta_style\":\"text-meta\",\"show_content\":true,\"show_image\":true,\"show_link\":true,\"show_meta\":true,\"show_title\":true,\"text_align\":\"center\",\"title_align\":\"top\",\"title_element\":\"h3\",\"title_grid_breakpoint\":\"m\",\"title_grid_width\":\"1-2\",\"title_hover_style\":\"reset\"},\"children\":[{\"type\":\"grid_item\",\"props\":{\"icon\":\"eye\",\"title\":\"Clareza do que est\\u00e1 a acontecer \\u00e1 tua loja online\"}},{\"type\":\"grid_item\",\"props\":{\"icon\":\"settings\",\"title\":\"O que falta fazer para que a tua loja online cres\\u00e7a\"}},{\"type\":\"grid_item\",\"props\":{\"icon\":\"crosshairs\",\"title\":\"Compreender as principais vantagens e desvantagens da tua loja online\"}}]},{\"type\":\"button\",\"props\":{\"button_size\":\"large\",\"fullwidth\":false,\"grid_column_gap\":\"small\",\"grid_row_gap\":\"small\",\"margin\":\"default\",\"text_align\":\"center\"},\"children\":[{\"type\":\"button_item\",\"props\":{\"button_style\":\"primary\",\"content\":\"QUERO AGENDAR A AUDITORIA GRATUITA\",\"icon_align\":\"left\",\"link\":\"index.php\\\/formulario\\\/\"}}]},{\"type\":\"text\",\"props\":{\"column_breakpoint\":\"m\",\"content\":\"\n\n<p>Restam apenas 2 vagas para esta semana<\\\/p>\",\"margin\":\"default\",\"text_align\":\"center\"}}]}]}]},{\"type\":\"section\",\"props\":{\"image_position\":\"center-center\",\"style\":\"secondary\",\"title_breakpoint\":\"xl\",\"title_position\":\"top-left\",\"title_rotation\":\"left\",\"vertical_align\":\"middle\",\"width\":\"default\"},\"children\":[{\"type\":\"row\",\"children\":[{\"type\":\"column\",\"props\":{\"image_position\":\"center-center\",\"position_sticky_breakpoint\":\"m\"},\"children\":[{\"type\":\"headline\",\"props\":{\"content\":\"Ser\\u00e1 que \\u00e9 para ti?\",\"title_decoration\":\"bullet\",\"title_element\":\"h1\"}},{\"type\":\"fragment\",\"props\":{\"margin\":\"default\"},\"children\":[{\"type\":\"row\",\"props\":{\"layout\":\"1-2,1-2\"},\"children\":[{\"type\":\"column\",\"props\":{\"image_position\":\"center-center\",\"position_sticky_breakpoint\":\"m\",\"width_medium\":\"1-2\"},\"children\":[{\"type\":\"text\",\"props\":{\"column_breakpoint\":\"m\",\"content\":\"\n\n<p><span>Esta auditoria \\u00e9 para ti se:<\\\/span><\\\/p>\",\"margin\":\"default\",\"text_color\":\"primary\",\"text_style\":\"large\"}},{\"type\":\"list\",\"props\":{\"column_breakpoint\":\"m\",\"content_style\":\"h6\",\"icon_color\":\"success\",\"image_align\":\"left\",\"image_svg_color\":\"emphasis\",\"image_vertical_align\":true,\"list_element\":\"ul\",\"list_horizontal_separator\":\", \",\"list_type\":\"vertical\",\"show_image\":true,\"show_link\":true},\"children\":[{\"type\":\"list_item\",\"props\":{\"content\":\"\n\n<p>Tens uma loja online<\\\/p>\",\"icon\":\"check\"}},{\"type\":\"list_item\",\"props\":{\"content\":\"\n\n<p>As tuas vendas est\\u00e3o estagnadas\\u00a0<\\\/p>\",\"icon\":\"check\"}},{\"type\":\"list_item\",\"props\":{\"content\":\"\n\n<p>Tens muitas visitas e poucas vendas<\\\/p>\",\"icon\":\"check\"}},{\"type\":\"list_item\",\"props\":{\"content\":\"\n\n<p>Tens altas taxas de abandono de carrinho<\\\/p>\",\"icon\":\"check\"}},{\"type\":\"list_item\",\"props\":{\"content\":\"\n\n<p>N\\u00e3o tens previsibilidade do crescimento do teu neg\\u00f3cio<\\\/p>\",\"icon\":\"check\"}}]}]},{\"type\":\"column\",\"props\":{\"image_position\":\"center-center\",\"position_sticky_breakpoint\":\"m\",\"width_medium\":\"1-2\"},\"children\":[{\"type\":\"text\",\"props\":{\"column_breakpoint\":\"m\",\"content\":\"\n\n<p>N\\u00e3o \\u00e9 para ti se:<\\\/p>\",\"margin\":\"default\",\"text_color\":\"primary\",\"text_style\":\"large\"}},{\"type\":\"list\",\"props\":{\"column_breakpoint\":\"m\",\"content_style\":\"h6\",\"icon_color\":\"danger\",\"image_align\":\"left\",\"image_svg_color\":\"emphasis\",\"image_vertical_align\":true,\"list_element\":\"ul\",\"list_horizontal_separator\":\", \",\"list_type\":\"vertical\",\"show_image\":true,\"show_link\":true},\"children\":[{\"type\":\"list_item\",\"props\":{\"content\":\"\n\n<p>N\\u00e3o tens loja online<\\\/p>\",\"icon\":\"close\"}},{\"type\":\"list_item\",\"props\":{\"content\":\"\n\n<p>N\\u00e3o queres melhorar a tua loja online<\\\/p>\",\"icon\":\"close\"}},{\"type\":\"list_item\",\"props\":{\"content\":\"\n\n<p>N\\u00e3o investes em marketing digital<\\\/p>\",\"icon\":\"close\"}},{\"type\":\"list_item\",\"props\":{\"content\":\"\n\n<p>N\\u00e3o tens inten\\u00e7\\u00e3o de crescer o teu neg\\u00f3cio<\\\/p>\",\"icon\":\"close\"}}]}]}]}]}]}]}]},{\"type\":\"section\",\"props\":{\"image_position\":\"center-center\",\"style\":\"default\",\"title_breakpoint\":\"xl\",\"title_position\":\"top-left\",\"title_rotation\":\"left\",\"vertical_align\":\"middle\",\"width\":\"default\"},\"children\":[{\"type\":\"row\",\"children\":[{\"type\":\"column\",\"props\":{\"image_position\":\"center-center\",\"position_sticky_breakpoint\":\"m\"},\"children\":[{\"type\":\"headline\",\"props\":{\"content\":\"Qual \\u00e9 o valor da auditoria?\",\"title_decoration\":\"bullet\",\"title_element\":\"h1\"}},{\"type\":\"text\",\"props\":{\"column_breakpoint\":\"m\",\"content\":\"\n\n<p>A auditoria \\u00e9 <strong>gratuita<\\\/strong>, no entanto no final da mesma iremos apresentar os nossos servi\\u00e7os para te podermos ajudar a resolver os desafios identificados na tua loja online, onde apenas adquires se fizer sentido para ti.<\\\/p>\",\"margin\":\"default\",\"text_style\":\"large\"}},{\"type\":\"button\",\"props\":{\"button_size\":\"large\",\"fullwidth\":false,\"grid_column_gap\":\"small\",\"grid_row_gap\":\"small\",\"margin\":\"default\",\"text_align\":\"center\"},\"children\":[{\"type\":\"button_item\",\"props\":{\"button_style\":\"primary\",\"content\":\"QUERO AGENDAR A AUDITORIA GRATUITA\",\"icon_align\":\"left\",\"link\":\"index.php\\\/formulario\\\/\"}}]},{\"type\":\"text\",\"props\":{\"column_breakpoint\":\"m\",\"content\":\"\n\n<p>Restam apenas 2 vagas para esta semana<\\\/p>\",\"margin\":\"default\",\"text_align\":\"center\"}}]}]}]},{\"type\":\"section\",\"props\":{\"image_position\":\"center-center\",\"style\":\"secondary\",\"title_breakpoint\":\"xl\",\"title_position\":\"top-left\",\"title_rotation\":\"left\",\"vertical_align\":\"middle\",\"width\":\"default\"},\"children\":[{\"type\":\"row\",\"children\":[{\"type\":\"column\",\"props\":{\"image_position\":\"center-center\",\"position_sticky_breakpoint\":\"m\"},\"children\":[{\"type\":\"headline\",\"props\":{\"content\":\"QUEM TE VAI ACOMPANHAR\",\"title_decoration\":\"bullet\",\"title_element\":\"h1\"}},{\"type\":\"fragment\",\"props\":{\"margin\":\"default\"},\"children\":[{\"type\":\"row\",\"props\":{\"layout\":\"1-2,1-2\"},\"children\":[{\"type\":\"column\",\"props\":{\"image_position\":\"center-center\",\"position_sticky_breakpoint\":\"m\",\"width_medium\":\"1-2\"},\"children\":[{\"type\":\"image\",\"props\":{\"image\":\"wp-content\\\/uploads\\\/2024\\\/07\\\/DSC4304-Aprimorado-NR.jpg\",\"image_border\":\"rounded\",\"image_height\":400,\"image_svg_color\":\"emphasis\",\"margin\":\"default\",\"text_align\":\"center\"}}]},{\"type\":\"column\",\"props\":{\"image_position\":\"center-center\",\"position_sticky_breakpoint\":\"m\",\"width_medium\":\"1-2\"},\"children\":[{\"type\":\"text\",\"props\":{\"column_breakpoint\":\"m\",\"content\":\"\n\n<p>Lu\\u00eds Leite \\u00e9 o Fundador da Ag\\u00eancia Fulcral e da SUB-Gifts, loja online de artigos personalizados l\\u00edder no mercado universit\\u00e1rio.<br \\\/><span><\\\/span><\\\/p>\\n\n\n<p>Come\\u00e7ou sozinho em 2015 a construir a SUB-Gifts com apenas 10\\u20ac e atualmente j\\u00e1 tem uma equipa aut\\u00f3noma e com a previsibilidade de duplicar a fatura\\u00e7\\u00e3o todos os anos.\\u00a0<\\\/p>\\n\n\n<p>Gere o pouco tempo que tem para ajudar propriet\\u00e1rios de loja online a atingir os seus objetivos.<\\\/p>\\n\n\n<p>Com forma\\u00e7\\u00e3o em Marketing, Vendas e Gest\\u00e3o para PME, o seu percurso tem-no levado a abra\\u00e7ar diversos projetos.<\\\/p>\",\"margin\":\"default\",\"text_color\":\"primary\",\"text_style\":\"large\"}}]}]}]}]}]}]},{\"type\":\"section\",\"props\":{\"image_position\":\"center-center\",\"style\":\"default\",\"title_breakpoint\":\"xl\",\"title_position\":\"top-left\",\"title_rotation\":\"left\",\"vertical_align\":\"middle\",\"width\":\"default\"},\"children\":[{\"type\":\"row\",\"children\":[{\"type\":\"column\",\"props\":{\"image_position\":\"center-center\",\"position_sticky_breakpoint\":\"m\"},\"children\":[{\"type\":\"headline\",\"props\":{\"content\":\"PERGUNTAS FREQUENTES\",\"title_decoration\":\"bullet\",\"title_element\":\"h1\"}},{\"type\":\"accordion\",\"props\":{\"collapsible\":true,\"content_column_breakpoint\":\"m\",\"image_align\":\"top\",\"image_grid_breakpoint\":\"m\",\"image_grid_width\":\"1-2\",\"image_svg_color\":\"emphasis\",\"link_style\":\"default\",\"link_text\":\"Read more\",\"show_image\":false,\"show_link\":false},\"children\":[{\"type\":\"accordion_item\",\"props\":{\"content\":\"\n\n<p><span>A auditoria \\u00e9 uma an\\u00e1lise inicial ao estado da tua loja online. Realiza-se <\\\/span><strong>online<\\\/strong><span> <\\\/span>e<span> \\u00e9 <\\\/span><strong>individual<\\\/strong><span>, conduzido pelo Lu\\u00eds. Durante aproximadamente <\\\/span><strong>90 minutos<\\\/strong><span>, identificamos os pontos fortes e os desafios da tua loja online, fornecendo <\\\/span>insights\\u00a0<span>personalizados para impulsionar o crescimento do teu neg\\u00f3cio.<\\\/span><\\\/p>\",\"title\":\"Em que consiste a auditoria?\"}},{\"type\":\"accordion_item\",\"props\":{\"content\":\"\n\n<p><span>\\u00c9 totalmente gratuita. Precisamos, contudo, do teu compromisso. Prepare-te para esta reuni\\u00e3o. Reserva o lugar mais tranquilo para, durante 90 minutos, nos focarmos unicamente na tua loja online.<\\\/span><\\\/p>\",\"title\":\"Quanto custa a auditoria?\"}},{\"type\":\"accordion_item\",\"props\":{\"content\":\"\n\n<p>A auditoria \\u00e9 apenas para quem tem lojas online. Se est\\u00e1s a come\\u00e7ar do zero, mas j\\u00e1 tens uma loja online, ent\\u00e3o esta auditoria \\u00e9 para ti.<\\\/p>\",\"title\":\"Estou a come\\u00e7ar do zero, \\u00e9 para mim?\"}},{\"type\":\"accordion_item\",\"props\":{\"content\":\"\n\n<p>N\\u00e3o. Se tens v\\u00e1rias lojas online e pretendes fazer uma auditoria a cada uma delas, ter\\u00e1s de agendar uma reuni\\u00e3o para cada loja online.<\\\/p>\",\"title\":\"Tenho mais que uma loja online, posso fazer a auditoria a todas de uma vez? \"}},{\"type\":\"accordion_item\",\"props\":{\"content\":\"\n\n<p><span>Sim. Para podermos analisar e identificar os desafios da tua loja online, ir\\u00e1s ter de partilhar os n\\u00fameros da tua loja online assim como informa\\u00e7\\u00f5es\\u00a0importantes para conseguimos uma auditoria completa e real da tua loja online.\\u00a0<br \\\/><br \\\/>Se n\\u00e3o te sentires confort\\u00e1vel em partilhar estas informa\\u00e7\\u00f5es, podemos elaborar um\\u00a0<\\\/span>NDA - Acordo de Confidencialidade.<\\\/p>\\n\n\n<p><span>\\u00a0<\\\/span><\\\/p>\",\"title\":\"Vou ter que partilhar os n\\u00fameros da minha loja online? \"}},{\"type\":\"accordion_item\",\"props\":{\"content\":\"\n\n<p>Sim, podes\\u00a0<span>reagendar <strong>apenas<\\\/strong> <strong>1 vez<\\\/strong>\\u00a0mediante a nossa\\u00a0disponibilidade. Por favor tem em aten\\u00e7\\u00e3o que estamos a disponibilizar 90 minutos gratuitos do tempo do Lu\\u00eds. Ao n\\u00e3o compareceres, est\\u00e1s a retirar a oportunidade de outros\\u00a0propriet\\u00e1rios de lojas online em receber a sua auditoria.<\\\/span><\\\/p>\",\"title\":\"Se n\\u00e3o poder comparecer, posso reagendar? \"}},{\"type\":\"accordion_item\",\"props\":{\"content\":\"\n\n<p>Envia email para geral@fulcral.pt que temos todo o prazer em responder-te.<\\\/p>\",\"title\":\"Ainda tens quest\\u00f5es? \"}}]},{\"type\":\"button\",\"props\":{\"button_size\":\"large\",\"fullwidth\":false,\"grid_column_gap\":\"small\",\"grid_row_gap\":\"small\",\"margin\":\"default\",\"text_align\":\"center\"},\"children\":[{\"type\":\"button_item\",\"props\":{\"button_style\":\"primary\",\"content\":\"QUERO AGENDAR A AUDITORIA GRATUITA\",\"icon_align\":\"left\",\"link\":\"index.php\\\/formulario\\\/\"}}]},{\"type\":\"text\",\"props\":{\"column_breakpoint\":\"m\",\"content\":\"\n\n<p>Restam apenas 2 vagas para esta semana<\\\/p>\",\"margin\":\"default\",\"text_align\":\"center\"}}]}]}]}],\"version\":\"4.3.2\"} --><\/p>\n","protected":false},"excerpt":{"rendered":"<p>AUDITORIA GRATUITA \u00c1 TUA LOJA ONLINE DESCOBRE O QUE EST\u00c1 A BLOQUEAR O CRESCIMENTO DA TUA LOJA ONLINE E AUMENTA AS TUAS VENDAS AT\u00c9 30% EM MENOS DE 6 MESES QUERO AGENDAR A AUDITORIA GRATUITA Restam apenas 2 vagas para esta semana COMO FUNCIONA A auditoria consiste numa reuni\u00e3o online com a dura\u00e7\u00e3o at\u00e9 90 [&hellip;]<\/p>\n","protected":false},"author":1,"featured_media":0,"parent":0,"menu_order":0,"comment_status":"closed","ping_status":"closed","template":"","meta":{"_monsterinsights_skip_tracking":false,"_monsterinsights_sitenote_active":false,"_monsterinsights_sitenote_note":"","_monsterinsights_sitenote_category":0,"footnotes":""},"class_list":["post-261","page","type-page","status-publish","hentry"],"_links":{"self":[{"href":"https:\/\/fulcral.pt\/index.php\/wp-json\/wp\/v2\/pages\/261","targetHints":{"allow":["GET"]}}],"collection":[{"href":"https:\/\/fulcral.pt\/index.php\/wp-json\/wp\/v2\/pages"}],"about":[{"href":"https:\/\/fulcral.pt\/index.php\/wp-json\/wp\/v2\/types\/page"}],"author":[{"embeddable":true,"href":"https:\/\/fulcral.pt\/index.php\/wp-json\/wp\/v2\/users\/1"}],"replies":[{"embeddable":true,"href":"https:\/\/fulcral.pt\/index.php\/wp-json\/wp\/v2\/comments?post=261"}],"version-history":[{"count":54,"href":"https:\/\/fulcral.pt\/index.php\/wp-json\/wp\/v2\/pages\/261\/revisions"}],"predecessor-version":[{"id":324,"href":"https:\/\/fulcral.pt\/index.php\/wp-json\/wp\/v2\/pages\/261\/revisions\/324"}],"wp:attachment":[{"href":"https:\/\/fulcral.pt\/index.php\/wp-json\/wp\/v2\/media?parent=261"}],"curies":[{"name":"wp","href":"https:\/\/api.w.org\/{rel}","templated":true}]}}